{"id":789,"date":"2024-06-16T02:37:27","date_gmt":"2024-06-16T02:37:27","guid":{"rendered":"https:\/\/sanfecoop.cl\/sfc\/?page_id=789"},"modified":"2024-12-30T13:29:45","modified_gmt":"2024-12-30T13:29:45","slug":"socios-y-beneficios","status":"publish","type":"page","link":"https:\/\/sanfecoop.cl\/sfc\/socios-y-beneficios\/","title":{"rendered":"Socios y Beneficios"},"content":{"rendered":"\t\t<div data-elementor-type=\"wp-page\" data-elementor-id=\"789\" class=\"elementor elementor-789\">\n\t\t\t\t<div class=\"elementor-element elementor-element-9a3599a e-flex e-con-boxed e-con e-parent\" data-id=\"9a3599a\" data-element_type=\"container\" data-e-type=\"container\" data-settings=\"{&quot;background_background&quot;:&quot;classic&quot;}\">\n\t\t\t\t\t<div class=\"e-con-inner\">\n\t\t\t\t<div class=\"elementor-element elementor-element-4da888d elementor-position-inline-start elementor-view-default elementor-mobile-position-block-start elementor-widget elementor-widget-icon-box\" data-id=\"4da888d\" data-element_type=\"widget\" data-e-type=\"widget\" data-widget_type=\"icon-box.default\">\n\t\t\t\t<div class=\"elementor-widget-container\">\n\t\t\t\t\t\t\t<div class=\"elementor-icon-box-wrapper\">\n\n\t\t\t\t\t\t<div class=\"elementor-icon-box-icon\">\n\t\t\t\t<span  class=\"elementor-icon\">\n\t\t\t\t<svg aria-hidden=\"true\" class=\"e-font-icon-svg e-fas-user-friends\" viewBox=\"0 0 640 512\" xmlns=\"http:\/\/www.w3.org\/2000\/svg\"><path d=\"M192 256c61.9 0 112-50.1 112-112S253.9 32 192 32 80 82.1 80 144s50.1 112 112 112zm76.8 32h-8.3c-20.8 10-43.9 16-68.5 16s-47.6-6-68.5-16h-8.3C51.6 288 0 339.6 0 403.2V432c0 26.5 21.5 48 48 48h288c26.5 0 48-21.5 48-48v-28.8c0-63.6-51.6-115.2-115.2-115.2zM480 256c53 0 96-43 96-96s-43-96-96-96-96 43-96 96 43 96 96 96zm48 32h-3.8c-13.9 4.8-28.6 8-44.2 8s-30.3-3.2-44.2-8H432c-20.4 0-39.2 5.9-55.7 15.4 24.4 26.3 39.7 61.2 39.7 99.8v38.4c0 2.2-.5 4.3-.6 6.4H592c26.5 0 48-21.5 48-48 0-61.9-50.1-112-112-112z\"><\/path><\/svg>\t\t\t\t<\/span>\n\t\t\t<\/div>\n\t\t\t\n\t\t\t\t\t\t<div class=\"elementor-icon-box-content\">\n\n\t\t\t\t\t\t\t\t\t<h3 class=\"elementor-icon-box-title\">\n\t\t\t\t\t\t<span  >\n\t\t\t\t\t\t\tSocios y Beneficios\t\t\t\t\t\t<\/span>\n\t\t\t\t\t<\/h3>\n\t\t\t\t\n\t\t\t\t\n\t\t\t<\/div>\n\t\t\t\n\t\t<\/div>\n\t\t\t\t\t\t<\/div>\n\t\t\t\t<\/div>\n\t\t\t\t\t<\/div>\n\t\t\t\t<\/div>\n\t\t<div class=\"elementor-element elementor-element-cb58d41 e-flex e-con-boxed e-con e-parent\" data-id=\"cb58d41\" data-element_type=\"container\" data-e-type=\"container\">\n\t\t\t\t\t<div class=\"e-con-inner\">\n\t\t<div class=\"elementor-element elementor-element-c9b55fc e-con-full e-flex e-con e-child\" data-id=\"c9b55fc\" data-element_type=\"container\" data-e-type=\"container\">\n\t\t\t\t<div class=\"elementor-element elementor-element-407d46a elementor-widget elementor-widget-heading\" data-id=\"407d46a\" data-element_type=\"widget\" data-e-type=\"widget\" data-widget_type=\"heading.default\">\n\t\t\t\t<div class=\"elementor-widget-container\">\n\t\t\t\t\t<h2 class=\"elementor-heading-title elementor-size-default\">Socios<\/h2>\t\t\t\t<\/div>\n\t\t\t\t<\/div>\n\t\t\t\t<div class=\"elementor-element elementor-element-4267275 elementor-widget elementor-widget-text-editor\" data-id=\"4267275\" data-element_type=\"widget\" data-e-type=\"widget\" data-widget_type=\"text-editor.default\">\n\t\t\t\t<div class=\"elementor-widget-container\">\n\t\t\t\t\t\t\t\t\t<p>Podr\u00e1n postular a ser socios de la cooperativa, \u00a0de acuerdo a lo establecido en el Art. 14 del Estatuto Social, \u00a0las personas que cumplan los siguientes requisitos:<\/p><ol type=\"a\"><li>Presentar la solicitud de ingreso<\/li><li>Suscribir y pagar como m\u00ednimo el n\u00famero de \u00a0cuotas de participaci\u00f3n que determine el Consejo de Administraci\u00f3n.<\/li><li>Obligarse a cumplir con todas las exigencias estatutarias.<\/li><li>Tener antecedentes financieros compatibles con las exigencias de la Cooperativa<\/li><\/ol><p>Documentaci\u00f3n que debe presentar:<\/p><ul><li>C\u00e9dula de Identidad.<\/li><li>Comprobante de domicilio.<\/li><\/ul><p>Nota: El aporte de capital social es m\u00ednimo 30 cuotas de participaci\u00f3n y m\u00e1ximo 300 cuotas de participaci\u00f3n.<\/p>\t\t\t\t\t\t\t\t<\/div>\n\t\t\t\t<\/div>\n\t\t\t\t<\/div>\n\t\t<div class=\"elementor-element elementor-element-15971c9 e-con-full e-flex e-con e-child\" data-id=\"15971c9\" data-element_type=\"container\" data-e-type=\"container\">\n\t\t\t\t<div class=\"elementor-element elementor-element-c47b130 elementor-widget elementor-widget-text-editor\" data-id=\"c47b130\" data-element_type=\"widget\" data-e-type=\"widget\" data-widget_type=\"text-editor.default\">\n\t\t\t\t<div class=\"elementor-widget-container\">\n\t\t\t\t\t\t\t\t\t<h4>RENUNCIAS<\/h4><p>No podr\u00e1n retirarse de la \u00a0instituci\u00f3n, \u00a0de acuerdo a lo establecido en el Art. 18 del Estatuto Social, \u00a0los socios:\u00a0<\/p><ol type=\"a\"><li>Mientras sea deudor o codeudor de cualquier pr\u00e9stamo de la Cooperativa. \u00a0 \u00a0<\/li><li>Si el n\u00famero de los restantes es inferior a 50 \u00a0 \u00a0<\/li><li>Una vez que la Cooperativa haya acordado su disoluci\u00f3n o haya sido declarada disuelta.<\/li><\/ol><h4>IMPORTANTE (Art. 19 Estatuto \u00a0Social)<\/h4><p>Las personas que hayan perdido su calidad de socios por renuncia, exclusi\u00f3n y los herederos del fallecido, tendr\u00e1n derecho a que la Cooperativa les reembolse, el monto actualizado de sus cuotas de participaci\u00f3n y lo que les corresponda como participaci\u00f3n en los beneficios sociales.<\/p><p>Sin embargo, dichas devoluciones estar\u00e1n condicionadas a que, con posterioridad a la fecha de presentaci\u00f3n de la solicitud de devoluci\u00f3n respectiva o de exclusi\u00f3n de la calidad de socio, seg\u00fan corresponda, se hubieren enterado en la Cooperativa aportes de capital por una suma al menos equivalente al monto de las devoluciones requeridas por estos conceptos. Dichos pagos ser\u00e1n exigibles y deber\u00e1n efectuarse atendiendo estrictamente a la fecha en que tenga lugar alguna de las causales que la origina.\u00a0<\/p><p><strong>Nota: \u00a0El capital social ser\u00e1 reembolsado descont\u00e1ndose una comisi\u00f3n por concepto de renuncia.\u00a0<\/strong><\/p>\t\t\t\t\t\t\t\t<\/div>\n\t\t\t\t<\/div>\n\t\t\t\t<\/div>\n\t\t\t\t\t<\/div>\n\t\t\t\t<\/div>\n\t\t<div class=\"elementor-element elementor-element-53e9049 e-flex e-con-boxed e-con e-parent\" data-id=\"53e9049\" data-element_type=\"container\" data-e-type=\"container\" data-settings=\"{&quot;background_background&quot;:&quot;classic&quot;}\">\n\t\t\t\t\t<div class=\"e-con-inner\">\n\t\t<div class=\"elementor-element elementor-element-b41a50c e-con-full e-flex e-con e-child\" data-id=\"b41a50c\" data-element_type=\"container\" data-e-type=\"container\">\n\t\t\t\t<div class=\"elementor-element elementor-element-d5d5568 elementor-widget elementor-widget-heading\" data-id=\"d5d5568\" data-element_type=\"widget\" data-e-type=\"widget\" data-widget_type=\"heading.default\">\n\t\t\t\t<div class=\"elementor-widget-container\">\n\t\t\t\t\t<h2 class=\"elementor-heading-title elementor-size-default\">Cuota Solidaria<\/h2>\t\t\t\t<\/div>\n\t\t\t\t<\/div>\n\t\t\t\t<div class=\"elementor-element elementor-element-895762a elementor-widget elementor-widget-text-editor\" data-id=\"895762a\" data-element_type=\"widget\" data-e-type=\"widget\" data-widget_type=\"text-editor.default\">\n\t\t\t\t<div class=\"elementor-widget-container\">\n\t\t\t\t\t\t\t\t\t<p><strong><u>Cuota Solidaria<\/u><\/strong><\/p><p>Es un beneficio aprobado en Junta General de Socios y que opera solamente a su fallecimiento, se le otorga a la persona que Ud. design\u00f3 en su Solicitud de ingreso en calidad de \u00abBeneficiario de la cuota Solidaria\u00bb. Mensualmente por este concepto se debe cancelar 0,034860 UF. El beneficio asciende a 45 UF y se paga de acuerdo a lo siguiente:<\/p><ol start=\"1\" type=\"1\"><li>Socios incorporados antes del 20.12.2011: Derecho al 100% del beneficio.<\/li><\/ol><ol start=\"2\" type=\"1\"><li>Socios incorporados despu\u00e9s del 20.12.2011:<\/li><\/ol><ul type=\"disc\"><li>Antig\u00fcedad menor o igual a 5 a\u00f1os: Derecho a un 25% del total.<\/li><li>5 a\u00f1os 1 d\u00eda hasta 10 a\u00f1os de antig\u00fcedad: Derecho a un 50% del total.<\/li><li>10 a\u00f1os un d\u00eda o m\u00e1s de antig\u00fcedad: Derecho al 100% del total.<\/li><\/ul><p>Para estos efectos, se considera el valor que tenga la UF al 31 de Diciembre del a\u00f1o anterior.<\/p>\t\t\t\t\t\t\t\t<\/div>\n\t\t\t\t<\/div>\n\t\t\t\t<\/div>\n\t\t<div class=\"elementor-element elementor-element-f2531a4 e-con-full e-flex e-con e-child\" data-id=\"f2531a4\" data-element_type=\"container\" data-e-type=\"container\">\n\t\t\t\t<div class=\"elementor-element elementor-element-b2b57af elementor-widget elementor-widget-text-editor\" data-id=\"b2b57af\" data-element_type=\"widget\" data-e-type=\"widget\" data-widget_type=\"text-editor.default\">\n\t\t\t\t<div class=\"elementor-widget-container\">\n\t\t\t\t\t\t\t\t\t<p><strong>Requisitos<\/strong><\/p><ol start=\"1\" type=\"1\"><li>Antig\u00fcedad de tres meses como Socio Activo.<\/li><li>Estar al d\u00eda en sus obligaciones con la cooperativa.<\/li><li>Tener menos de 65 a\u00f1os de edad al momento de ingresar a la cooperativa.<\/li><li>A contar del 01.03.2014, los menores de edad podr\u00e1n ser part\u00edcipes de la cuota mortuoria, pagando mensualmente el 50% de lo que corresponde a un socio adulto.<\/li><li>El beneficiario al momento de solicitar la Cuota Solidaria, no debe tener deuda en mora en la Cooperativa<\/li><li>Plazo para cobrar el beneficio es de 120 d\u00edas corridos a partir de la fecha del fallecimiento del socio:<\/li><li>Presentar los siguientes documentos:<\/li><\/ol><ul type=\"disc\"><li>C\u00e9dula de Identidad del Beneficiario<\/li><li>Certificado de Defunci\u00f3n del Socio<\/li><\/ul>\t\t\t\t\t\t\t\t<\/div>\n\t\t\t\t<\/div>\n\t\t\t\t<\/div>\n\t\t\t\t\t<\/div>\n\t\t\t\t<\/div>\n\t\t<div class=\"elementor-element elementor-element-fa3c71e e-flex e-con-boxed e-con e-parent\" data-id=\"fa3c71e\" data-element_type=\"container\" data-e-type=\"container\">\n\t\t\t\t\t<div class=\"e-con-inner\">\n\t\t<div class=\"elementor-element elementor-element-cab4d13 e-con-full e-flex e-con e-child\" data-id=\"cab4d13\" data-element_type=\"container\" data-e-type=\"container\">\n\t\t\t\t<div class=\"elementor-element elementor-element-bb7d5a2 elementor-widget elementor-widget-heading\" data-id=\"bb7d5a2\" data-element_type=\"widget\" data-e-type=\"widget\" data-widget_type=\"heading.default\">\n\t\t\t\t<div class=\"elementor-widget-container\">\n\t\t\t\t\t<h2 class=\"elementor-heading-title elementor-size-default\">Fondo Solidario<br>de Ayuda Familiar<\/h2>\t\t\t\t<\/div>\n\t\t\t\t<\/div>\n\t\t\t\t<div class=\"elementor-element elementor-element-16061b0 elementor-widget elementor-widget-text-editor\" data-id=\"16061b0\" data-element_type=\"widget\" data-e-type=\"widget\" data-widget_type=\"text-editor.default\">\n\t\t\t\t<div class=\"elementor-widget-container\">\n\t\t\t\t\t\t\t\t\t<p>El objetivo del fondo es ayudar al Socio frente al fallecimiento de familiares directos (Padres, C\u00f3nyuge, Hijos menores de 18 a\u00f1os). Por este concepto se debe cancelar 0.011760 UF. El beneficio asciende a 4 UF. Para ambos casos, se considera el valor que tenga la UF al 31 de diciembre del a\u00f1o anterior.<\/p>\t\t\t\t\t\t\t\t<\/div>\n\t\t\t\t<\/div>\n\t\t\t\t<\/div>\n\t\t<div class=\"elementor-element elementor-element-cc60a52 e-con-full e-flex e-con e-child\" data-id=\"cc60a52\" data-element_type=\"container\" data-e-type=\"container\">\n\t\t\t\t<div class=\"elementor-element elementor-element-d01d6a9 elementor-widget elementor-widget-text-editor\" data-id=\"d01d6a9\" data-element_type=\"widget\" data-e-type=\"widget\" data-widget_type=\"text-editor.default\">\n\t\t\t\t<div class=\"elementor-widget-container\">\n\t\t\t\t\t\t\t\t\t<p><strong>Requisitos<\/strong><\/p><ol start=\"1\" type=\"1\"><li>Tener un m\u00ednimo de 90 d\u00edas como socio.<\/li><li>Estar al d\u00eda en su aporte a capital social, al momento de fallecer el familiar<\/li><li>No haber solicitado este mismo beneficio en los 12 meses anteriores, tomados desde la fecha del \u00faltimo causante.<\/li><li>Presentar los siguientes documentos:<\/li><\/ol><p>&#8211; C\u00e9dula de identidad del Socio<br \/>&#8211; Certificado de Defunci\u00f3n del Familiar<br \/>&#8211; Certificado de: Matrimonio, nacimiento o libreta de familia, seg\u00fan sea el caso.<\/p><p><strong><u>Premiaci\u00f3n Escolar<\/u><\/strong><\/p><p>La finalidad del fondo es estimular e incentivar a los Socios, que en calidad de estudiantes regulares, cursan estudios de nivel b\u00e1sico y medio, cuyo rendimiento escolar haya sido a partir de 5,5 de promedio anual. Este est\u00edmulo ser\u00e1 otorgado a un mismo alumno, una sola vez en el primer y segundo ciclo de educaci\u00f3n b\u00e1sica y una sola vez en la educaci\u00f3n media y superior. Se entregar\u00e1 el est\u00edmulo a solamente un miembro por familia.<\/p>\t\t\t\t\t\t\t\t<\/div>\n\t\t\t\t<\/div>\n\t\t\t\t<\/div>\n\t\t\t\t\t<\/div>\n\t\t\t\t<\/div>\n\t\t<div class=\"elementor-element elementor-element-5b443e8 e-flex e-con-boxed e-con e-parent\" data-id=\"5b443e8\" data-element_type=\"container\" data-e-type=\"container\">\n\t\t\t\t\t<div class=\"e-con-inner\">\n\t\t\t\t<div class=\"elementor-element elementor-element-3df64f6 elementor-widget elementor-widget-button\" data-id=\"3df64f6\" data-element_type=\"widget\" data-e-type=\"widget\" data-widget_type=\"button.default\">\n\t\t\t\t<div class=\"elementor-widget-container\">\n\t\t\t\t\t\t\t\t\t<div class=\"elementor-button-wrapper\">\n\t\t\t\t\t<a class=\"elementor-button elementor-button-link elementor-size-sm\" href=\"https:\/\/sanfecoop.cl\/sfc\/convenios\/\">\n\t\t\t\t\t\t<span class=\"elementor-button-content-wrapper\">\n\t\t\t\t\t\t\t\t\t<span class=\"elementor-button-text\">Revisa el listado de Convenios Sanfecoop<\/span>\n\t\t\t\t\t<\/span>\n\t\t\t\t\t<\/a>\n\t\t\t\t<\/div>\n\t\t\t\t\t\t\t\t<\/div>\n\t\t\t\t<\/div>\n\t\t\t\t\t<\/div>\n\t\t\t\t<\/div>\n\t\t\t\t<\/div>\n\t\t","protected":false},"excerpt":{"rendered":"<p>Socios y Beneficios Socios Podr\u00e1n postular a ser socios de la cooperativa, \u00a0de acuerdo a lo establecido en el Art. [&hellip;]<\/p>\n","protected":false},"author":1,"featured_media":0,"parent":0,"menu_order":0,"comment_status":"closed","ping_status":"closed","template":"","meta":{"site-sidebar-layout":"no-sidebar","site-content-layout":"","ast-site-content-layout":"full-width-container","site-content-style":"default","site-sidebar-style":"default","ast-global-header-display":"","ast-banner-title-visibility":"","ast-main-header-display":"","ast-hfb-above-header-display":"","ast-hfb-below-header-display":"","ast-hfb-mobile-header-display":"","site-post-title":"disabled","ast-breadcrumbs-content":"","ast-featured-img":"disabled","footer-sml-layout":"","ast-disable-related-posts":"","theme-transparent-header-meta":"","adv-header-id-meta":"","stick-header-meta":"","header-above-stick-meta":"","header-main-stick-meta":"","header-below-stick-meta":"","astra-migrate-meta-layouts":"default","ast-page-background-enabled":"default","ast-page-background-meta":{"desktop":{"background-color":"var(--ast-global-color-4)","background-image":"","background-repeat":"repeat","background-position":"center center","background-size":"auto","background-attachment":"scroll","background-type":"","background-media":"","overlay-type":"","overlay-color":"","overlay-opacity":"","overlay-gradient":""},"tablet":{"background-color":"","background-image":"","background-repeat":"repeat","background-position":"center center","background-size":"auto","background-attachment":"scroll","background-type":"","background-media":"","overlay-type":"","overlay-color":"","overlay-opacity":"","overlay-gradient":""},"mobile":{"background-color":"","background-image":"","background-repeat":"repeat","background-position":"center center","background-size":"auto","background-attachment":"scroll","background-type":"","background-media":"","overlay-type":"","overlay-color":"","overlay-opacity":"","overlay-gradient":""}},"ast-content-background-meta":{"desktop":{"background-color":"var(--ast-global-color-5)","background-image":"","background-repeat":"repeat","background-position":"center center","background-size":"auto","background-attachment":"scroll","background-type":"","background-media":"","overlay-type":"","overlay-color":"","overlay-opacity":"","overlay-gradient":""},"tablet":{"background-color":"var(--ast-global-color-5)","background-image":"","background-repeat":"repeat","background-position":"center center","background-size":"auto","background-attachment":"scroll","background-type":"","background-media":"","overlay-type":"","overlay-color":"","overlay-opacity":"","overlay-gradient":""},"mobile":{"background-color":"var(--ast-global-color-5)","background-image":"","background-repeat":"repeat","background-position":"center center","background-size":"auto","background-attachment":"scroll","background-type":"","background-media":"","overlay-type":"","overlay-color":"","overlay-opacity":"","overlay-gradient":""}},"footnotes":""},"class_list":["post-789","page","type-page","status-publish","hentry"],"yoast_head":"<!-- This site is optimized with the Yoast SEO plugin v27.2 - https:\/\/yoast.com\/product\/yoast-seo-wordpress\/ -->\n<title>Socios y Beneficios &#8212; Sanfecoop<\/title>\n<meta name=\"robots\" content=\"index, follow, max-snippet:-1, max-image-preview:large, max-video-preview:-1\" \/>\n<link rel=\"canonical\" href=\"https:\/\/sanfecoop.cl\/sfc\/socios-y-beneficios\/\" \/>\n<meta property=\"og:locale\" content=\"es_ES\" \/>\n<meta property=\"og:type\" content=\"article\" \/>\n<meta property=\"og:title\" content=\"Socios y Beneficios &#8212; Sanfecoop\" \/>\n<meta property=\"og:description\" content=\"Socios y Beneficios Socios Podr\u00e1n postular a ser socios de la cooperativa, \u00a0de acuerdo a lo establecido en el Art. [&hellip;]\" \/>\n<meta property=\"og:url\" content=\"https:\/\/sanfecoop.cl\/sfc\/socios-y-beneficios\/\" \/>\n<meta property=\"og:site_name\" content=\"Sanfecoop\" \/>\n<meta property=\"article:publisher\" content=\"https:\/\/www.facebook.com\/Sanfecoop\" \/>\n<meta property=\"article:modified_time\" content=\"2024-12-30T13:29:45+00:00\" \/>\n<meta property=\"og:image\" content=\"https:\/\/sanfecoop.cl\/sfc\/wp-content\/uploads\/2024\/06\/producto_5.png\" \/>\n\t<meta property=\"og:image:width\" content=\"136\" \/>\n\t<meta property=\"og:image:height\" content=\"136\" \/>\n\t<meta property=\"og:image:type\" content=\"image\/png\" \/>\n<meta name=\"twitter:card\" content=\"summary_large_image\" \/>\n<meta name=\"twitter:label1\" content=\"Tiempo de lectura\" \/>\n\t<meta name=\"twitter:data1\" content=\"4 minutos\" \/>\n<script type=\"application\/ld+json\" class=\"yoast-schema-graph\">{\"@context\":\"https:\/\/schema.org\",\"@graph\":[{\"@type\":\"WebPage\",\"@id\":\"https:\/\/sanfecoop.cl\/sfc\/socios-y-beneficios\/\",\"url\":\"https:\/\/sanfecoop.cl\/sfc\/socios-y-beneficios\/\",\"name\":\"Socios y Beneficios &#8212; Sanfecoop\",\"isPartOf\":{\"@id\":\"https:\/\/sanfecoop.cl\/sfc\/#website\"},\"datePublished\":\"2024-06-16T02:37:27+00:00\",\"dateModified\":\"2024-12-30T13:29:45+00:00\",\"breadcrumb\":{\"@id\":\"https:\/\/sanfecoop.cl\/sfc\/socios-y-beneficios\/#breadcrumb\"},\"inLanguage\":\"es\",\"potentialAction\":[{\"@type\":\"ReadAction\",\"target\":[\"https:\/\/sanfecoop.cl\/sfc\/socios-y-beneficios\/\"]}]},{\"@type\":\"BreadcrumbList\",\"@id\":\"https:\/\/sanfecoop.cl\/sfc\/socios-y-beneficios\/#breadcrumb\",\"itemListElement\":[{\"@type\":\"ListItem\",\"position\":1,\"name\":\"Portada\",\"item\":\"https:\/\/sanfecoop.cl\/sfc\/\"},{\"@type\":\"ListItem\",\"position\":2,\"name\":\"Socios y Beneficios\"}]},{\"@type\":\"WebSite\",\"@id\":\"https:\/\/sanfecoop.cl\/sfc\/#website\",\"url\":\"https:\/\/sanfecoop.cl\/sfc\/\",\"name\":\"Sanfecoop\",\"description\":\"Cooperativa de ahorro y cr\u00e9dito\",\"publisher\":{\"@id\":\"https:\/\/sanfecoop.cl\/sfc\/#organization\"},\"alternateName\":\"Sanfecoop\",\"potentialAction\":[{\"@type\":\"SearchAction\",\"target\":{\"@type\":\"EntryPoint\",\"urlTemplate\":\"https:\/\/sanfecoop.cl\/sfc\/?s={search_term_string}\"},\"query-input\":{\"@type\":\"PropertyValueSpecification\",\"valueRequired\":true,\"valueName\":\"search_term_string\"}}],\"inLanguage\":\"es\"},{\"@type\":\"Organization\",\"@id\":\"https:\/\/sanfecoop.cl\/sfc\/#organization\",\"name\":\"Sanfecoop\",\"url\":\"https:\/\/sanfecoop.cl\/sfc\/\",\"logo\":{\"@type\":\"ImageObject\",\"inLanguage\":\"es\",\"@id\":\"https:\/\/sanfecoop.cl\/sfc\/#\/schema\/logo\/image\/\",\"url\":\"https:\/\/sanfecoop.cl\/sfc\/wp-content\/uploads\/2024\/06\/logo_Sanfecoop_blanco.svg\",\"contentUrl\":\"https:\/\/sanfecoop.cl\/sfc\/wp-content\/uploads\/2024\/06\/logo_Sanfecoop_blanco.svg\",\"width\":222,\"height\":37,\"caption\":\"Sanfecoop\"},\"image\":{\"@id\":\"https:\/\/sanfecoop.cl\/sfc\/#\/schema\/logo\/image\/\"},\"sameAs\":[\"https:\/\/www.facebook.com\/Sanfecoop\",\"https:\/\/www.instagram.com\/sanfecoop\/\"]}]}<\/script>\n<!-- \/ Yoast SEO plugin. -->","yoast_head_json":{"title":"Socios y Beneficios &#8212; Sanfecoop","robots":{"index":"index","follow":"follow","max-snippet":"max-snippet:-1","max-image-preview":"max-image-preview:large","max-video-preview":"max-video-preview:-1"},"canonical":"https:\/\/sanfecoop.cl\/sfc\/socios-y-beneficios\/","og_locale":"es_ES","og_type":"article","og_title":"Socios y Beneficios &#8212; Sanfecoop","og_description":"Socios y Beneficios Socios Podr\u00e1n postular a ser socios de la cooperativa, \u00a0de acuerdo a lo establecido en el Art. [&hellip;]","og_url":"https:\/\/sanfecoop.cl\/sfc\/socios-y-beneficios\/","og_site_name":"Sanfecoop","article_publisher":"https:\/\/www.facebook.com\/Sanfecoop","article_modified_time":"2024-12-30T13:29:45+00:00","og_image":[{"width":136,"height":136,"url":"https:\/\/sanfecoop.cl\/sfc\/wp-content\/uploads\/2024\/06\/producto_5.png","type":"image\/png"}],"twitter_card":"summary_large_image","twitter_misc":{"Tiempo de lectura":"4 minutos"},"schema":{"@context":"https:\/\/schema.org","@graph":[{"@type":"WebPage","@id":"https:\/\/sanfecoop.cl\/sfc\/socios-y-beneficios\/","url":"https:\/\/sanfecoop.cl\/sfc\/socios-y-beneficios\/","name":"Socios y Beneficios &#8212; Sanfecoop","isPartOf":{"@id":"https:\/\/sanfecoop.cl\/sfc\/#website"},"datePublished":"2024-06-16T02:37:27+00:00","dateModified":"2024-12-30T13:29:45+00:00","breadcrumb":{"@id":"https:\/\/sanfecoop.cl\/sfc\/socios-y-beneficios\/#breadcrumb"},"inLanguage":"es","potentialAction":[{"@type":"ReadAction","target":["https:\/\/sanfecoop.cl\/sfc\/socios-y-beneficios\/"]}]},{"@type":"BreadcrumbList","@id":"https:\/\/sanfecoop.cl\/sfc\/socios-y-beneficios\/#breadcrumb","itemListElement":[{"@type":"ListItem","position":1,"name":"Portada","item":"https:\/\/sanfecoop.cl\/sfc\/"},{"@type":"ListItem","position":2,"name":"Socios y Beneficios"}]},{"@type":"WebSite","@id":"https:\/\/sanfecoop.cl\/sfc\/#website","url":"https:\/\/sanfecoop.cl\/sfc\/","name":"Sanfecoop","description":"Cooperativa de ahorro y cr\u00e9dito","publisher":{"@id":"https:\/\/sanfecoop.cl\/sfc\/#organization"},"alternateName":"Sanfecoop","potentialAction":[{"@type":"SearchAction","target":{"@type":"EntryPoint","urlTemplate":"https:\/\/sanfecoop.cl\/sfc\/?s={search_term_string}"},"query-input":{"@type":"PropertyValueSpecification","valueRequired":true,"valueName":"search_term_string"}}],"inLanguage":"es"},{"@type":"Organization","@id":"https:\/\/sanfecoop.cl\/sfc\/#organization","name":"Sanfecoop","url":"https:\/\/sanfecoop.cl\/sfc\/","logo":{"@type":"ImageObject","inLanguage":"es","@id":"https:\/\/sanfecoop.cl\/sfc\/#\/schema\/logo\/image\/","url":"https:\/\/sanfecoop.cl\/sfc\/wp-content\/uploads\/2024\/06\/logo_Sanfecoop_blanco.svg","contentUrl":"https:\/\/sanfecoop.cl\/sfc\/wp-content\/uploads\/2024\/06\/logo_Sanfecoop_blanco.svg","width":222,"height":37,"caption":"Sanfecoop"},"image":{"@id":"https:\/\/sanfecoop.cl\/sfc\/#\/schema\/logo\/image\/"},"sameAs":["https:\/\/www.facebook.com\/Sanfecoop","https:\/\/www.instagram.com\/sanfecoop\/"]}]}},"_links":{"self":[{"href":"https:\/\/sanfecoop.cl\/sfc\/wp-json\/wp\/v2\/pages\/789","targetHints":{"allow":["GET"]}}],"collection":[{"href":"https:\/\/sanfecoop.cl\/sfc\/wp-json\/wp\/v2\/pages"}],"about":[{"href":"https:\/\/sanfecoop.cl\/sfc\/wp-json\/wp\/v2\/types\/page"}],"author":[{"embeddable":true,"href":"https:\/\/sanfecoop.cl\/sfc\/wp-json\/wp\/v2\/users\/1"}],"replies":[{"embeddable":true,"href":"https:\/\/sanfecoop.cl\/sfc\/wp-json\/wp\/v2\/comments?post=789"}],"version-history":[{"count":73,"href":"https:\/\/sanfecoop.cl\/sfc\/wp-json\/wp\/v2\/pages\/789\/revisions"}],"predecessor-version":[{"id":2108,"href":"https:\/\/sanfecoop.cl\/sfc\/wp-json\/wp\/v2\/pages\/789\/revisions\/2108"}],"wp:attachment":[{"href":"https:\/\/sanfecoop.cl\/sfc\/wp-json\/wp\/v2\/media?parent=789"}],"curies":[{"name":"wp","href":"https:\/\/api.w.org\/{rel}","templated":true}]}}