{"id":791,"date":"2024-06-16T02:37:55","date_gmt":"2024-06-16T02:37:55","guid":{"rendered":"https:\/\/sanfecoop.cl\/sfc\/?page_id=791"},"modified":"2025-11-24T15:07:04","modified_gmt":"2025-11-24T15:07:04","slug":"noticias","status":"publish","type":"page","link":"https:\/\/sanfecoop.cl\/sfc\/noticias\/","title":{"rendered":"Noticias"},"content":{"rendered":"\t\t<div data-elementor-type=\"wp-page\" data-elementor-id=\"791\" class=\"elementor elementor-791\">\n\t\t\t\t<div class=\"elementor-element elementor-element-53acf16 e-flex e-con-boxed e-con e-parent\" data-id=\"53acf16\" data-element_type=\"container\" data-e-type=\"container\" data-settings=\"{&quot;background_background&quot;:&quot;classic&quot;}\">\n\t\t\t\t\t<div class=\"e-con-inner\">\n\t\t\t\t<div class=\"elementor-element elementor-element-abbb620 elementor-position-inline-start elementor-view-default elementor-mobile-position-block-start elementor-widget elementor-widget-icon-box\" data-id=\"abbb620\" data-element_type=\"widget\" data-e-type=\"widget\" data-widget_type=\"icon-box.default\">\n\t\t\t\t<div class=\"elementor-widget-container\">\n\t\t\t\t\t\t\t<div class=\"elementor-icon-box-wrapper\">\n\n\t\t\t\t\t\t<div class=\"elementor-icon-box-icon\">\n\t\t\t\t<span  class=\"elementor-icon\">\n\t\t\t\t<svg aria-hidden=\"true\" class=\"e-font-icon-svg e-far-file-alt\" viewBox=\"0 0 384 512\" xmlns=\"http:\/\/www.w3.org\/2000\/svg\"><path d=\"M288 248v28c0 6.6-5.4 12-12 12H108c-6.6 0-12-5.4-12-12v-28c0-6.6 5.4-12 12-12h168c6.6 0 12 5.4 12 12zm-12 72H108c-6.6 0-12 5.4-12 12v28c0 6.6 5.4 12 12 12h168c6.6 0 12-5.4 12-12v-28c0-6.6-5.4-12-12-12zm108-188.1V464c0 26.5-21.5 48-48 48H48c-26.5 0-48-21.5-48-48V48C0 21.5 21.5 0 48 0h204.1C264.8 0 277 5.1 286 14.1L369.9 98c9 8.9 14.1 21.2 14.1 33.9zm-128-80V128h76.1L256 51.9zM336 464V176H232c-13.3 0-24-10.7-24-24V48H48v416h288z\"><\/path><\/svg>\t\t\t\t<\/span>\n\t\t\t<\/div>\n\t\t\t\n\t\t\t\t\t\t<div class=\"elementor-icon-box-content\">\n\n\t\t\t\t\t\t\t\t\t<h3 class=\"elementor-icon-box-title\">\n\t\t\t\t\t\t<span  >\n\t\t\t\t\t\t\tSanfecoop Noticias\t\t\t\t\t\t<\/span>\n\t\t\t\t\t<\/h3>\n\t\t\t\t\n\t\t\t\t\n\t\t\t<\/div>\n\t\t\t\n\t\t<\/div>\n\t\t\t\t\t\t<\/div>\n\t\t\t\t<\/div>\n\t\t\t\t\t<\/div>\n\t\t\t\t<\/div>\n\t\t<div class=\"elementor-element elementor-element-fe7c883 e-flex e-con-boxed e-con e-parent\" data-id=\"fe7c883\" data-element_type=\"container\" data-e-type=\"container\" data-settings=\"{&quot;background_background&quot;:&quot;classic&quot;}\">\n\t\t\t\t\t<div class=\"e-con-inner\">\n\t\t<div class=\"elementor-element elementor-element-b5ec8a2 e-con-full e-flex e-con e-child\" data-id=\"b5ec8a2\" data-element_type=\"container\" data-e-type=\"container\">\n\t\t\t\t<div class=\"elementor-element elementor-element-5a33d41 elementor-grid-eael-col-3 elementor-grid-tablet-eael-col-1 elementor-grid-mobile-eael-col-1 elementor-widget elementor-widget-eael-post-grid\" data-id=\"5a33d41\" data-element_type=\"widget\" data-e-type=\"widget\" data-settings=\"{&quot;eael_post_grid_columns&quot;:&quot;eael-col-3&quot;,&quot;eael_post_grid_columns_tablet&quot;:&quot;eael-col-1&quot;,&quot;eael_post_grid_columns_mobile&quot;:&quot;eael-col-1&quot;}\" data-widget_type=\"eael-post-grid.default\">\n\t\t\t\t<div class=\"elementor-widget-container\">\n\t\t\t\t\t<div id=\"eael-post-grid-5a33d41\" class=\"eael-post-grid-container\">\n            <div class=\"eael-post-grid eael-post-appender eael-post-appender-5a33d41 eael-post-grid-style-one\" data-layout-mode=\"grid\"><article class=\"eael-grid-post  eael-post-grid-column eael-pg-post-470 category-uncategorized\" data-id=\"470\">\n        <div class=\"eael-grid-post-holder\">\n            <div class=\"eael-grid-post-holder-inner\"><div class=\"eael-entry-media\"><div class=\"eael-entry-overlay none\"><i class=\"fas fa-long-arrow-alt-right\" aria-hidden=\"true\"><\/i><a href=\"https:\/\/sanfecoop.cl\/sfc\/convenio-bancoestado\/\"><\/a><\/div><div class=\"eael-entry-thumbnail \">\n                <img fetchpriority=\"high\" decoding=\"async\" width=\"300\" height=\"196\" src=\"https:\/\/sanfecoop.cl\/sfc\/wp-content\/uploads\/2024\/06\/Convenio_BancoEstado-300x196.png\" class=\"attachment-medium size-medium wp-image-471\" alt=\"\" srcset=\"https:\/\/sanfecoop.cl\/sfc\/wp-content\/uploads\/2024\/06\/Convenio_BancoEstado-300x196.png 300w, https:\/\/sanfecoop.cl\/sfc\/wp-content\/uploads\/2024\/06\/Convenio_BancoEstado-768x501.png 768w, https:\/\/sanfecoop.cl\/sfc\/wp-content\/uploads\/2024\/06\/Convenio_BancoEstado.png 880w\" sizes=\"(max-width: 300px) 100vw, 300px\" \/>\n            <\/div>\n        <\/div><div class=\"eael-entry-wrapper\"><header class=\"eael-entry-header\"><h2 class=\"eael-entry-title\"><a class=\"eael-grid-post-link\" href=\"https:\/\/sanfecoop.cl\/sfc\/convenio-bancoestado\/\" title=\"Convenio BancoEstado\">Convenio BancoEstado<\/a><\/h2><\/header><div class=\"eael-entry-content\">\n                        <div class=\"eael-grid-post-excerpt\"><p>Ingresa a la p\u00e1gina de BancoEstado con tus credenciales y...<\/p><a href=\"https:\/\/sanfecoop.cl\/sfc\/convenio-bancoestado\/\" class=\"eael-post-elements-readmore-btn\">Leer m\u00e1s<\/a><\/div>\n                    <\/div><\/div><\/div>\n        <\/div>\n    <\/article><article class=\"eael-grid-post  eael-post-grid-column eael-pg-post-463 category-uncategorized\" data-id=\"463\">\n        <div class=\"eael-grid-post-holder\">\n            <div class=\"eael-grid-post-holder-inner\"><div class=\"eael-entry-media\"><div class=\"eael-entry-overlay none\"><i class=\"fas fa-long-arrow-alt-right\" aria-hidden=\"true\"><\/i><a href=\"https:\/\/sanfecoop.cl\/sfc\/premiacion-escolar-2022\/\"><\/a><\/div><div class=\"eael-entry-thumbnail \">\n                <img decoding=\"async\" width=\"300\" height=\"200\" src=\"https:\/\/sanfecoop.cl\/sfc\/wp-content\/uploads\/2024\/06\/Premiacion_escolar_2022-300x200.png\" class=\"attachment-medium size-medium wp-image-464\" alt=\"\" srcset=\"https:\/\/sanfecoop.cl\/sfc\/wp-content\/uploads\/2024\/06\/Premiacion_escolar_2022-300x200.png 300w, https:\/\/sanfecoop.cl\/sfc\/wp-content\/uploads\/2024\/06\/Premiacion_escolar_2022-1024x683.png 1024w, https:\/\/sanfecoop.cl\/sfc\/wp-content\/uploads\/2024\/06\/Premiacion_escolar_2022-768x512.png 768w, https:\/\/sanfecoop.cl\/sfc\/wp-content\/uploads\/2024\/06\/Premiacion_escolar_2022.png 1055w\" sizes=\"(max-width: 300px) 100vw, 300px\" \/>\n            <\/div>\n        <\/div><div class=\"eael-entry-wrapper\"><header class=\"eael-entry-header\"><h2 class=\"eael-entry-title\"><a class=\"eael-grid-post-link\" href=\"https:\/\/sanfecoop.cl\/sfc\/premiacion-escolar-2022\/\" title=\"Premiaci\u00f3n Escolar 2022\">Premiaci\u00f3n Escolar 2022<\/a><\/h2><\/header><div class=\"eael-entry-content\">\n                        <div class=\"eael-grid-post-excerpt\"><p>Descarga las n\u00f3minas de la Premiaci\u00f3n Escolar 2022: N\u00d3MINA PREMIACI\u00d3N...<\/p><a href=\"https:\/\/sanfecoop.cl\/sfc\/premiacion-escolar-2022\/\" class=\"eael-post-elements-readmore-btn\">Leer m\u00e1s<\/a><\/div>\n                    <\/div><\/div><\/div>\n        <\/div>\n    <\/article><\/div>\n            <div class=\"clearfix\"><\/div>\n        <\/div>\t\t\t\t<\/div>\n\t\t\t\t<\/div>\n\t\t\t\t<\/div>\n\t\t<div class=\"elementor-element elementor-element-d57ce1e e-con-full e-flex e-con e-child\" data-id=\"d57ce1e\" data-element_type=\"container\" data-e-type=\"container\">\n\t\t\t\t<div class=\"elementor-element elementor-element-f6a580c elementor-widget elementor-widget-sidebar\" data-id=\"f6a580c\" data-element_type=\"widget\" data-e-type=\"widget\" data-widget_type=\"sidebar.default\">\n\t\t\t\t<div class=\"elementor-widget-container\">\n\t\t\t\t\t<aside id=\"block-3\" class=\"widget widget_block\">\n<div class=\"wp-block-group is-layout-flow wp-block-group-is-layout-flow\">\n<h2 class=\"wp-block-heading\">Noticias recientes<\/h2>\n\n\n<ul class=\"wp-block-latest-posts__list wp-block-latest-posts\"><li><a class=\"wp-block-latest-posts__post-title\" href=\"https:\/\/sanfecoop.cl\/sfc\/convenio-bancoestado\/\">Convenio BancoEstado<\/a><\/li>\n<li><a class=\"wp-block-latest-posts__post-title\" href=\"https:\/\/sanfecoop.cl\/sfc\/premiacion-escolar-2022\/\">Premiaci\u00f3n Escolar 2022<\/a><\/li>\n<\/ul><\/div>\n<\/aside><aside id=\"block-5\" class=\"widget widget_block\">\n<div class=\"wp-block-group is-layout-flow wp-block-group-is-layout-flow\">\n<h2 class=\"wp-block-heading\">Archivo<\/h2>\n\n\n<ul class=\"wp-block-archives-list wp-block-archives\">\t<li><a href='https:\/\/sanfecoop.cl\/sfc\/2022\/07\/'>julio 2022<\/a><\/li>\n\t<li><a href='https:\/\/sanfecoop.cl\/sfc\/2022\/04\/'>abril 2022<\/a><\/li>\n<\/ul><\/div>\n<\/aside>\t\t\t\t<\/div>\n\t\t\t\t<\/div>\n\t\t\t\t<\/div>\n\t\t\t\t\t<\/div>\n\t\t\t\t<\/div>\n\t\t\t\t<\/div>\n\t\t","protected":false},"excerpt":{"rendered":"<p>Sanfecoop Noticias Convenio BancoEstado Ingresa a la p\u00e1gina de BancoEstado con tus credenciales y&#8230; Leer m\u00e1s Premiaci\u00f3n Escolar 2022 Descarga [&hellip;]<\/p>\n","protected":false},"author":1,"featured_media":0,"parent":0,"menu_order":0,"comment_status":"closed","ping_status":"closed","template":"","meta":{"site-sidebar-layout":"no-sidebar","site-content-layout":"","ast-site-content-layout":"full-width-container","site-content-style":"default","site-sidebar-style":"default","ast-global-header-display":"","ast-banner-title-visibility":"","ast-main-header-display":"","ast-hfb-above-header-display":"","ast-hfb-below-header-display":"","ast-hfb-mobile-header-display":"","site-post-title":"disabled","ast-breadcrumbs-content":"","ast-featured-img":"disabled","footer-sml-layout":"","ast-disable-related-posts":"","theme-transparent-header-meta":"","adv-header-id-meta":"","stick-header-meta":"","header-above-stick-meta":"","header-main-stick-meta":"","header-below-stick-meta":"","astra-migrate-meta-layouts":"default","ast-page-background-enabled":"default","ast-page-background-meta":{"desktop":{"background-color":"var(--ast-global-color-4)","background-image":"","background-repeat":"repeat","background-position":"center center","background-size":"auto","background-attachment":"scroll","background-type":"","background-media":"","overlay-type":"","overlay-color":"","overlay-opacity":"","overlay-gradient":""},"tablet":{"background-color":"","background-image":"","background-repeat":"repeat","background-position":"center center","background-size":"auto","background-attachment":"scroll","background-type":"","background-media":"","overlay-type":"","overlay-color":"","overlay-opacity":"","overlay-gradient":""},"mobile":{"background-color":"","background-image":"","background-repeat":"repeat","background-position":"center center","background-size":"auto","background-attachment":"scroll","background-type":"","background-media":"","overlay-type":"","overlay-color":"","overlay-opacity":"","overlay-gradient":""}},"ast-content-background-meta":{"desktop":{"background-color":"var(--ast-global-color-5)","background-image":"","background-repeat":"repeat","background-position":"center center","background-size":"auto","background-attachment":"scroll","background-type":"","background-media":"","overlay-type":"","overlay-color":"","overlay-opacity":"","overlay-gradient":""},"tablet":{"background-color":"var(--ast-global-color-5)","background-image":"","background-repeat":"repeat","background-position":"center center","background-size":"auto","background-attachment":"scroll","background-type":"","background-media":"","overlay-type":"","overlay-color":"","overlay-opacity":"","overlay-gradient":""},"mobile":{"background-color":"var(--ast-global-color-5)","background-image":"","background-repeat":"repeat","background-position":"center center","background-size":"auto","background-attachment":"scroll","background-type":"","background-media":"","overlay-type":"","overlay-color":"","overlay-opacity":"","overlay-gradient":""}},"footnotes":""},"class_list":["post-791","page","type-page","status-publish","hentry"],"yoast_head":"<!-- This site is optimized with the Yoast SEO plugin v27.2 - https:\/\/yoast.com\/product\/yoast-seo-wordpress\/ -->\n<title>Noticias &#8212; Sanfecoop<\/title>\n<meta name=\"robots\" content=\"index, follow, max-snippet:-1, max-image-preview:large, max-video-preview:-1\" \/>\n<link rel=\"canonical\" href=\"https:\/\/sanfecoop.cl\/sfc\/noticias\/\" \/>\n<meta property=\"og:locale\" content=\"es_ES\" \/>\n<meta property=\"og:type\" content=\"article\" \/>\n<meta property=\"og:title\" content=\"Noticias &#8212; Sanfecoop\" \/>\n<meta property=\"og:description\" content=\"Sanfecoop Noticias Convenio BancoEstado Ingresa a la p\u00e1gina de BancoEstado con tus credenciales y&#8230; Leer m\u00e1s Premiaci\u00f3n Escolar 2022 Descarga [&hellip;]\" \/>\n<meta property=\"og:url\" content=\"https:\/\/sanfecoop.cl\/sfc\/noticias\/\" \/>\n<meta property=\"og:site_name\" content=\"Sanfecoop\" \/>\n<meta property=\"article:publisher\" content=\"https:\/\/www.facebook.com\/Sanfecoop\" \/>\n<meta property=\"article:modified_time\" content=\"2025-11-24T15:07:04+00:00\" \/>\n<meta property=\"og:image\" content=\"https:\/\/sanfecoop.cl\/sfc\/wp-content\/uploads\/2024\/06\/Convenio_BancoEstado-300x196.png\" \/>\n<meta name=\"twitter:card\" content=\"summary_large_image\" \/>\n<meta name=\"twitter:label1\" content=\"Tiempo de lectura\" \/>\n\t<meta name=\"twitter:data1\" content=\"1 minuto\" \/>\n<script type=\"application\/ld+json\" class=\"yoast-schema-graph\">{\"@context\":\"https:\/\/schema.org\",\"@graph\":[{\"@type\":\"WebPage\",\"@id\":\"https:\/\/sanfecoop.cl\/sfc\/noticias\/\",\"url\":\"https:\/\/sanfecoop.cl\/sfc\/noticias\/\",\"name\":\"Noticias &#8212; Sanfecoop\",\"isPartOf\":{\"@id\":\"https:\/\/sanfecoop.cl\/sfc\/#website\"},\"primaryImageOfPage\":{\"@id\":\"https:\/\/sanfecoop.cl\/sfc\/noticias\/#primaryimage\"},\"image\":{\"@id\":\"https:\/\/sanfecoop.cl\/sfc\/noticias\/#primaryimage\"},\"thumbnailUrl\":\"https:\/\/sanfecoop.cl\/sfc\/wp-content\/uploads\/2024\/06\/Convenio_BancoEstado-300x196.png\",\"datePublished\":\"2024-06-16T02:37:55+00:00\",\"dateModified\":\"2025-11-24T15:07:04+00:00\",\"breadcrumb\":{\"@id\":\"https:\/\/sanfecoop.cl\/sfc\/noticias\/#breadcrumb\"},\"inLanguage\":\"es\",\"potentialAction\":[{\"@type\":\"ReadAction\",\"target\":[\"https:\/\/sanfecoop.cl\/sfc\/noticias\/\"]}]},{\"@type\":\"ImageObject\",\"inLanguage\":\"es\",\"@id\":\"https:\/\/sanfecoop.cl\/sfc\/noticias\/#primaryimage\",\"url\":\"https:\/\/sanfecoop.cl\/sfc\/wp-content\/uploads\/2024\/06\/Convenio_BancoEstado.png\",\"contentUrl\":\"https:\/\/sanfecoop.cl\/sfc\/wp-content\/uploads\/2024\/06\/Convenio_BancoEstado.png\",\"width\":880,\"height\":574},{\"@type\":\"BreadcrumbList\",\"@id\":\"https:\/\/sanfecoop.cl\/sfc\/noticias\/#breadcrumb\",\"itemListElement\":[{\"@type\":\"ListItem\",\"position\":1,\"name\":\"Portada\",\"item\":\"https:\/\/sanfecoop.cl\/sfc\/\"},{\"@type\":\"ListItem\",\"position\":2,\"name\":\"Noticias\"}]},{\"@type\":\"WebSite\",\"@id\":\"https:\/\/sanfecoop.cl\/sfc\/#website\",\"url\":\"https:\/\/sanfecoop.cl\/sfc\/\",\"name\":\"Sanfecoop\",\"description\":\"Cooperativa de ahorro y cr\u00e9dito\",\"publisher\":{\"@id\":\"https:\/\/sanfecoop.cl\/sfc\/#organization\"},\"alternateName\":\"Sanfecoop\",\"potentialAction\":[{\"@type\":\"SearchAction\",\"target\":{\"@type\":\"EntryPoint\",\"urlTemplate\":\"https:\/\/sanfecoop.cl\/sfc\/?s={search_term_string}\"},\"query-input\":{\"@type\":\"PropertyValueSpecification\",\"valueRequired\":true,\"valueName\":\"search_term_string\"}}],\"inLanguage\":\"es\"},{\"@type\":\"Organization\",\"@id\":\"https:\/\/sanfecoop.cl\/sfc\/#organization\",\"name\":\"Sanfecoop\",\"url\":\"https:\/\/sanfecoop.cl\/sfc\/\",\"logo\":{\"@type\":\"ImageObject\",\"inLanguage\":\"es\",\"@id\":\"https:\/\/sanfecoop.cl\/sfc\/#\/schema\/logo\/image\/\",\"url\":\"https:\/\/sanfecoop.cl\/sfc\/wp-content\/uploads\/2024\/06\/logo_Sanfecoop_blanco.svg\",\"contentUrl\":\"https:\/\/sanfecoop.cl\/sfc\/wp-content\/uploads\/2024\/06\/logo_Sanfecoop_blanco.svg\",\"width\":222,\"height\":37,\"caption\":\"Sanfecoop\"},\"image\":{\"@id\":\"https:\/\/sanfecoop.cl\/sfc\/#\/schema\/logo\/image\/\"},\"sameAs\":[\"https:\/\/www.facebook.com\/Sanfecoop\",\"https:\/\/www.instagram.com\/sanfecoop\/\"]}]}<\/script>\n<!-- \/ Yoast SEO plugin. -->","yoast_head_json":{"title":"Noticias &#8212; Sanfecoop","robots":{"index":"index","follow":"follow","max-snippet":"max-snippet:-1","max-image-preview":"max-image-preview:large","max-video-preview":"max-video-preview:-1"},"canonical":"https:\/\/sanfecoop.cl\/sfc\/noticias\/","og_locale":"es_ES","og_type":"article","og_title":"Noticias &#8212; Sanfecoop","og_description":"Sanfecoop Noticias Convenio BancoEstado Ingresa a la p\u00e1gina de BancoEstado con tus credenciales y&#8230; Leer m\u00e1s Premiaci\u00f3n Escolar 2022 Descarga [&hellip;]","og_url":"https:\/\/sanfecoop.cl\/sfc\/noticias\/","og_site_name":"Sanfecoop","article_publisher":"https:\/\/www.facebook.com\/Sanfecoop","article_modified_time":"2025-11-24T15:07:04+00:00","og_image":[{"url":"https:\/\/sanfecoop.cl\/sfc\/wp-content\/uploads\/2024\/06\/Convenio_BancoEstado-300x196.png","type":"","width":"","height":""}],"twitter_card":"summary_large_image","twitter_misc":{"Tiempo de lectura":"1 minuto"},"schema":{"@context":"https:\/\/schema.org","@graph":[{"@type":"WebPage","@id":"https:\/\/sanfecoop.cl\/sfc\/noticias\/","url":"https:\/\/sanfecoop.cl\/sfc\/noticias\/","name":"Noticias &#8212; Sanfecoop","isPartOf":{"@id":"https:\/\/sanfecoop.cl\/sfc\/#website"},"primaryImageOfPage":{"@id":"https:\/\/sanfecoop.cl\/sfc\/noticias\/#primaryimage"},"image":{"@id":"https:\/\/sanfecoop.cl\/sfc\/noticias\/#primaryimage"},"thumbnailUrl":"https:\/\/sanfecoop.cl\/sfc\/wp-content\/uploads\/2024\/06\/Convenio_BancoEstado-300x196.png","datePublished":"2024-06-16T02:37:55+00:00","dateModified":"2025-11-24T15:07:04+00:00","breadcrumb":{"@id":"https:\/\/sanfecoop.cl\/sfc\/noticias\/#breadcrumb"},"inLanguage":"es","potentialAction":[{"@type":"ReadAction","target":["https:\/\/sanfecoop.cl\/sfc\/noticias\/"]}]},{"@type":"ImageObject","inLanguage":"es","@id":"https:\/\/sanfecoop.cl\/sfc\/noticias\/#primaryimage","url":"https:\/\/sanfecoop.cl\/sfc\/wp-content\/uploads\/2024\/06\/Convenio_BancoEstado.png","contentUrl":"https:\/\/sanfecoop.cl\/sfc\/wp-content\/uploads\/2024\/06\/Convenio_BancoEstado.png","width":880,"height":574},{"@type":"BreadcrumbList","@id":"https:\/\/sanfecoop.cl\/sfc\/noticias\/#breadcrumb","itemListElement":[{"@type":"ListItem","position":1,"name":"Portada","item":"https:\/\/sanfecoop.cl\/sfc\/"},{"@type":"ListItem","position":2,"name":"Noticias"}]},{"@type":"WebSite","@id":"https:\/\/sanfecoop.cl\/sfc\/#website","url":"https:\/\/sanfecoop.cl\/sfc\/","name":"Sanfecoop","description":"Cooperativa de ahorro y cr\u00e9dito","publisher":{"@id":"https:\/\/sanfecoop.cl\/sfc\/#organization"},"alternateName":"Sanfecoop","potentialAction":[{"@type":"SearchAction","target":{"@type":"EntryPoint","urlTemplate":"https:\/\/sanfecoop.cl\/sfc\/?s={search_term_string}"},"query-input":{"@type":"PropertyValueSpecification","valueRequired":true,"valueName":"search_term_string"}}],"inLanguage":"es"},{"@type":"Organization","@id":"https:\/\/sanfecoop.cl\/sfc\/#organization","name":"Sanfecoop","url":"https:\/\/sanfecoop.cl\/sfc\/","logo":{"@type":"ImageObject","inLanguage":"es","@id":"https:\/\/sanfecoop.cl\/sfc\/#\/schema\/logo\/image\/","url":"https:\/\/sanfecoop.cl\/sfc\/wp-content\/uploads\/2024\/06\/logo_Sanfecoop_blanco.svg","contentUrl":"https:\/\/sanfecoop.cl\/sfc\/wp-content\/uploads\/2024\/06\/logo_Sanfecoop_blanco.svg","width":222,"height":37,"caption":"Sanfecoop"},"image":{"@id":"https:\/\/sanfecoop.cl\/sfc\/#\/schema\/logo\/image\/"},"sameAs":["https:\/\/www.facebook.com\/Sanfecoop","https:\/\/www.instagram.com\/sanfecoop\/"]}]}},"_links":{"self":[{"href":"https:\/\/sanfecoop.cl\/sfc\/wp-json\/wp\/v2\/pages\/791","targetHints":{"allow":["GET"]}}],"collection":[{"href":"https:\/\/sanfecoop.cl\/sfc\/wp-json\/wp\/v2\/pages"}],"about":[{"href":"https:\/\/sanfecoop.cl\/sfc\/wp-json\/wp\/v2\/types\/page"}],"author":[{"embeddable":true,"href":"https:\/\/sanfecoop.cl\/sfc\/wp-json\/wp\/v2\/users\/1"}],"replies":[{"embeddable":true,"href":"https:\/\/sanfecoop.cl\/sfc\/wp-json\/wp\/v2\/comments?post=791"}],"version-history":[{"count":91,"href":"https:\/\/sanfecoop.cl\/sfc\/wp-json\/wp\/v2\/pages\/791\/revisions"}],"predecessor-version":[{"id":2276,"href":"https:\/\/sanfecoop.cl\/sfc\/wp-json\/wp\/v2\/pages\/791\/revisions\/2276"}],"wp:attachment":[{"href":"https:\/\/sanfecoop.cl\/sfc\/wp-json\/wp\/v2\/media?parent=791"}],"curies":[{"name":"wp","href":"https:\/\/api.w.org\/{rel}","templated":true}]}}