{"id":799,"date":"2024-06-16T02:39:43","date_gmt":"2024-06-16T02:39:43","guid":{"rendered":"https:\/\/sanfecoop.cl\/sfc\/?page_id=799"},"modified":"2026-01-05T13:37:14","modified_gmt":"2026-01-05T13:37:14","slug":"tasas-de-interes","status":"publish","type":"page","link":"https:\/\/sanfecoop.cl\/sfc\/tasas-de-interes\/","title":{"rendered":"Tasas de inter\u00e9s"},"content":{"rendered":"\t\t<div data-elementor-type=\"wp-page\" data-elementor-id=\"799\" class=\"elementor elementor-799\">\n\t\t\t\t<div class=\"elementor-element elementor-element-fde32b4 e-con-full e-flex e-con e-parent\" data-id=\"fde32b4\" data-element_type=\"container\" data-e-type=\"container\" data-settings=\"{&quot;background_background&quot;:&quot;classic&quot;}\">\n\t\t\t\t<div class=\"elementor-element elementor-element-775453f elementor-position-inline-start elementor-view-default elementor-mobile-position-block-start elementor-widget elementor-widget-icon-box\" data-id=\"775453f\" data-element_type=\"widget\" data-e-type=\"widget\" data-widget_type=\"icon-box.default\">\n\t\t\t\t<div class=\"elementor-widget-container\">\n\t\t\t\t\t\t\t<div class=\"elementor-icon-box-wrapper\">\n\n\t\t\t\t\t\t<div class=\"elementor-icon-box-icon\">\n\t\t\t\t<span  class=\"elementor-icon\">\n\t\t\t\t<svg aria-hidden=\"true\" class=\"e-font-icon-svg e-fas-percentage\" viewBox=\"0 0 384 512\" xmlns=\"http:\/\/www.w3.org\/2000\/svg\"><path d=\"M109.25 173.25c24.99-24.99 24.99-65.52 0-90.51-24.99-24.99-65.52-24.99-90.51 0-24.99 24.99-24.99 65.52 0 90.51 25 25 65.52 25 90.51 0zm256 165.49c-24.99-24.99-65.52-24.99-90.51 0-24.99 24.99-24.99 65.52 0 90.51 24.99 24.99 65.52 24.99 90.51 0 25-24.99 25-65.51 0-90.51zm-1.94-231.43l-22.62-22.62c-12.5-12.5-32.76-12.5-45.25 0L20.69 359.44c-12.5 12.5-12.5 32.76 0 45.25l22.62 22.62c12.5 12.5 32.76 12.5 45.25 0l274.75-274.75c12.5-12.49 12.5-32.75 0-45.25z\"><\/path><\/svg>\t\t\t\t<\/span>\n\t\t\t<\/div>\n\t\t\t\n\t\t\t\t\t\t<div class=\"elementor-icon-box-content\">\n\n\t\t\t\t\t\t\t\t\t<h3 class=\"elementor-icon-box-title\">\n\t\t\t\t\t\t<span  >\n\t\t\t\t\t\t\tTasas de inter\u00e9s\t\t\t\t\t\t<\/span>\n\t\t\t\t\t<\/h3>\n\t\t\t\t\n\t\t\t\t\n\t\t\t<\/div>\n\t\t\t\n\t\t<\/div>\n\t\t\t\t\t\t<\/div>\n\t\t\t\t<\/div>\n\t\t\t\t<\/div>\n\t\t<div class=\"elementor-element elementor-element-6a3896c9 e-flex e-con-boxed e-con e-parent\" data-id=\"6a3896c9\" data-element_type=\"container\" data-e-type=\"container\">\n\t\t\t\t\t<div class=\"e-con-inner\">\n\t\t<div class=\"elementor-element elementor-element-3a71753d e-con-full e-flex e-con e-child\" data-id=\"3a71753d\" data-element_type=\"container\" data-e-type=\"container\">\n\t\t\t\t<div class=\"elementor-element elementor-element-32daa877 elementor-position-left elementor-vertical-align-middle elementor-position-top elementor-widget-mobile__width-inherit elementor-widget elementor-widget-image-box\" data-id=\"32daa877\" data-element_type=\"widget\" data-e-type=\"widget\" data-widget_type=\"image-box.default\">\n\t\t\t\t<div class=\"elementor-widget-container\">\n\t\t\t\t\t<div class=\"elementor-image-box-wrapper\"><figure class=\"elementor-image-box-img\"><a href=\"https:\/\/sanfecoop.cl\/sfc\/documentos\/Tasa%20Interes%202026.pdf\" target=\"_blank\" tabindex=\"-1\"><img decoding=\"async\" width=\"65\" height=\"74\" src=\"https:\/\/sanfecoop.cl\/sfc\/wp-content\/uploads\/2024\/06\/icono-PDF.png\" class=\"attachment-full size-full wp-image-1615\" alt=\"\" \/><\/a><\/figure><div class=\"elementor-image-box-content\"><h3 class=\"elementor-image-box-title\"><a href=\"https:\/\/sanfecoop.cl\/sfc\/documentos\/Tasa%20Interes%202026.pdf\" target=\"_blank\">Tasas de Inter\u00e9s 2026<\/a><\/h3><\/div><\/div>\t\t\t\t<\/div>\n\t\t\t\t<\/div>\n\t\t\t\t<\/div>\n\t\t<div class=\"elementor-element elementor-element-25488e11 e-con-full e-flex e-con e-child\" data-id=\"25488e11\" data-element_type=\"container\" data-e-type=\"container\">\n\t\t\t\t<\/div>\n\t\t<div class=\"elementor-element elementor-element-4ff67376 e-con-full e-flex e-con e-child\" data-id=\"4ff67376\" data-element_type=\"container\" data-e-type=\"container\">\n\t\t\t\t<\/div>\n\t\t\t\t\t<\/div>\n\t\t\t\t<\/div>\n\t\t<div class=\"elementor-element elementor-element-807a997 e-flex e-con-boxed e-con e-parent\" data-id=\"807a997\" data-element_type=\"container\" data-e-type=\"container\">\n\t\t\t\t\t<div class=\"e-con-inner\">\n\t\t\t\t\t<\/div>\n\t\t\t\t<\/div>\n\t\t\t\t<\/div>\n\t\t","protected":false},"excerpt":{"rendered":"<p>Tasas de inter\u00e9s Tasas de Inter\u00e9s 2026<\/p>\n","protected":false},"author":1,"featured_media":0,"parent":0,"menu_order":0,"comment_status":"closed","ping_status":"closed","template":"","meta":{"site-sidebar-layout":"no-sidebar","site-content-layout":"","ast-site-content-layout":"full-width-container","site-content-style":"default","site-sidebar-style":"default","ast-global-header-display":"","ast-banner-title-visibility":"","ast-main-header-display":"","ast-hfb-above-header-display":"","ast-hfb-below-header-display":"","ast-hfb-mobile-header-display":"","site-post-title":"disabled","ast-breadcrumbs-content":"","ast-featured-img":"disabled","footer-sml-layout":"","ast-disable-related-posts":"","theme-transparent-header-meta":"","adv-header-id-meta":"","stick-header-meta":"","header-above-stick-meta":"","header-main-stick-meta":"","header-below-stick-meta":"","astra-migrate-meta-layouts":"default","ast-page-background-enabled":"default","ast-page-background-meta":{"desktop":{"background-color":"var(--ast-global-color-4)","background-image":"","background-repeat":"repeat","background-position":"center center","background-size":"auto","background-attachment":"scroll","background-type":"","background-media":"","overlay-type":"","overlay-color":"","overlay-opacity":"","overlay-gradient":""},"tablet":{"background-color":"","background-image":"","background-repeat":"repeat","background-position":"center center","background-size":"auto","background-attachment":"scroll","background-type":"","background-media":"","overlay-type":"","overlay-color":"","overlay-opacity":"","overlay-gradient":""},"mobile":{"background-color":"","background-image":"","background-repeat":"repeat","background-position":"center center","background-size":"auto","background-attachment":"scroll","background-type":"","background-media":"","overlay-type":"","overlay-color":"","overlay-opacity":"","overlay-gradient":""}},"ast-content-background-meta":{"desktop":{"background-color":"var(--ast-global-color-5)","background-image":"","background-repeat":"repeat","background-position":"center center","background-size":"auto","background-attachment":"scroll","background-type":"","background-media":"","overlay-type":"","overlay-color":"","overlay-opacity":"","overlay-gradient":""},"tablet":{"background-color":"var(--ast-global-color-5)","background-image":"","background-repeat":"repeat","background-position":"center center","background-size":"auto","background-attachment":"scroll","background-type":"","background-media":"","overlay-type":"","overlay-color":"","overlay-opacity":"","overlay-gradient":""},"mobile":{"background-color":"var(--ast-global-color-5)","background-image":"","background-repeat":"repeat","background-position":"center center","background-size":"auto","background-attachment":"scroll","background-type":"","background-media":"","overlay-type":"","overlay-color":"","overlay-opacity":"","overlay-gradient":""}},"footnotes":""},"class_list":["post-799","page","type-page","status-publish","hentry"],"yoast_head":"<!-- This site is optimized with the Yoast SEO plugin v27.2 - https:\/\/yoast.com\/product\/yoast-seo-wordpress\/ -->\n<title>Tasas de inter\u00e9s &#8212; Sanfecoop<\/title>\n<meta name=\"robots\" content=\"index, follow, max-snippet:-1, max-image-preview:large, max-video-preview:-1\" \/>\n<link rel=\"canonical\" href=\"https:\/\/sanfecoop.cl\/sfc\/tasas-de-interes\/\" \/>\n<meta property=\"og:locale\" content=\"es_ES\" \/>\n<meta property=\"og:type\" content=\"article\" \/>\n<meta property=\"og:title\" content=\"Tasas de inter\u00e9s &#8212; Sanfecoop\" \/>\n<meta property=\"og:description\" content=\"Tasas de inter\u00e9s Tasas de Inter\u00e9s 2026\" \/>\n<meta property=\"og:url\" content=\"https:\/\/sanfecoop.cl\/sfc\/tasas-de-interes\/\" \/>\n<meta property=\"og:site_name\" content=\"Sanfecoop\" \/>\n<meta property=\"article:publisher\" content=\"https:\/\/www.facebook.com\/Sanfecoop\" \/>\n<meta property=\"article:modified_time\" content=\"2026-01-05T13:37:14+00:00\" \/>\n<meta property=\"og:image\" content=\"https:\/\/sanfecoop.cl\/sfc\/wp-content\/uploads\/2024\/06\/icono-PDF.png\" \/>\n\t<meta property=\"og:image:width\" content=\"65\" \/>\n\t<meta property=\"og:image:height\" content=\"74\" \/>\n\t<meta property=\"og:image:type\" content=\"image\/png\" \/>\n<meta name=\"twitter:card\" content=\"summary_large_image\" \/>\n<script type=\"application\/ld+json\" class=\"yoast-schema-graph\">{\"@context\":\"https:\/\/schema.org\",\"@graph\":[{\"@type\":\"WebPage\",\"@id\":\"https:\/\/sanfecoop.cl\/sfc\/tasas-de-interes\/\",\"url\":\"https:\/\/sanfecoop.cl\/sfc\/tasas-de-interes\/\",\"name\":\"Tasas de inter\u00e9s &#8212; Sanfecoop\",\"isPartOf\":{\"@id\":\"https:\/\/sanfecoop.cl\/sfc\/#website\"},\"primaryImageOfPage\":{\"@id\":\"https:\/\/sanfecoop.cl\/sfc\/tasas-de-interes\/#primaryimage\"},\"image\":{\"@id\":\"https:\/\/sanfecoop.cl\/sfc\/tasas-de-interes\/#primaryimage\"},\"thumbnailUrl\":\"https:\/\/sanfecoop.cl\/sfc\/wp-content\/uploads\/2024\/06\/icono-PDF.png\",\"datePublished\":\"2024-06-16T02:39:43+00:00\",\"dateModified\":\"2026-01-05T13:37:14+00:00\",\"breadcrumb\":{\"@id\":\"https:\/\/sanfecoop.cl\/sfc\/tasas-de-interes\/#breadcrumb\"},\"inLanguage\":\"es\",\"potentialAction\":[{\"@type\":\"ReadAction\",\"target\":[\"https:\/\/sanfecoop.cl\/sfc\/tasas-de-interes\/\"]}]},{\"@type\":\"ImageObject\",\"inLanguage\":\"es\",\"@id\":\"https:\/\/sanfecoop.cl\/sfc\/tasas-de-interes\/#primaryimage\",\"url\":\"https:\/\/sanfecoop.cl\/sfc\/wp-content\/uploads\/2024\/06\/icono-PDF.png\",\"contentUrl\":\"https:\/\/sanfecoop.cl\/sfc\/wp-content\/uploads\/2024\/06\/icono-PDF.png\",\"width\":65,\"height\":74},{\"@type\":\"BreadcrumbList\",\"@id\":\"https:\/\/sanfecoop.cl\/sfc\/tasas-de-interes\/#breadcrumb\",\"itemListElement\":[{\"@type\":\"ListItem\",\"position\":1,\"name\":\"Portada\",\"item\":\"https:\/\/sanfecoop.cl\/sfc\/\"},{\"@type\":\"ListItem\",\"position\":2,\"name\":\"Tasas de inter\u00e9s\"}]},{\"@type\":\"WebSite\",\"@id\":\"https:\/\/sanfecoop.cl\/sfc\/#website\",\"url\":\"https:\/\/sanfecoop.cl\/sfc\/\",\"name\":\"Sanfecoop\",\"description\":\"Cooperativa de ahorro y cr\u00e9dito\",\"publisher\":{\"@id\":\"https:\/\/sanfecoop.cl\/sfc\/#organization\"},\"alternateName\":\"Sanfecoop\",\"potentialAction\":[{\"@type\":\"SearchAction\",\"target\":{\"@type\":\"EntryPoint\",\"urlTemplate\":\"https:\/\/sanfecoop.cl\/sfc\/?s={search_term_string}\"},\"query-input\":{\"@type\":\"PropertyValueSpecification\",\"valueRequired\":true,\"valueName\":\"search_term_string\"}}],\"inLanguage\":\"es\"},{\"@type\":\"Organization\",\"@id\":\"https:\/\/sanfecoop.cl\/sfc\/#organization\",\"name\":\"Sanfecoop\",\"url\":\"https:\/\/sanfecoop.cl\/sfc\/\",\"logo\":{\"@type\":\"ImageObject\",\"inLanguage\":\"es\",\"@id\":\"https:\/\/sanfecoop.cl\/sfc\/#\/schema\/logo\/image\/\",\"url\":\"https:\/\/sanfecoop.cl\/sfc\/wp-content\/uploads\/2024\/06\/logo_Sanfecoop_blanco.svg\",\"contentUrl\":\"https:\/\/sanfecoop.cl\/sfc\/wp-content\/uploads\/2024\/06\/logo_Sanfecoop_blanco.svg\",\"width\":222,\"height\":37,\"caption\":\"Sanfecoop\"},\"image\":{\"@id\":\"https:\/\/sanfecoop.cl\/sfc\/#\/schema\/logo\/image\/\"},\"sameAs\":[\"https:\/\/www.facebook.com\/Sanfecoop\",\"https:\/\/www.instagram.com\/sanfecoop\/\"]}]}<\/script>\n<!-- \/ Yoast SEO plugin. -->","yoast_head_json":{"title":"Tasas de inter\u00e9s &#8212; Sanfecoop","robots":{"index":"index","follow":"follow","max-snippet":"max-snippet:-1","max-image-preview":"max-image-preview:large","max-video-preview":"max-video-preview:-1"},"canonical":"https:\/\/sanfecoop.cl\/sfc\/tasas-de-interes\/","og_locale":"es_ES","og_type":"article","og_title":"Tasas de inter\u00e9s &#8212; Sanfecoop","og_description":"Tasas de inter\u00e9s Tasas de Inter\u00e9s 2026","og_url":"https:\/\/sanfecoop.cl\/sfc\/tasas-de-interes\/","og_site_name":"Sanfecoop","article_publisher":"https:\/\/www.facebook.com\/Sanfecoop","article_modified_time":"2026-01-05T13:37:14+00:00","og_image":[{"width":65,"height":74,"url":"https:\/\/sanfecoop.cl\/sfc\/wp-content\/uploads\/2024\/06\/icono-PDF.png","type":"image\/png"}],"twitter_card":"summary_large_image","schema":{"@context":"https:\/\/schema.org","@graph":[{"@type":"WebPage","@id":"https:\/\/sanfecoop.cl\/sfc\/tasas-de-interes\/","url":"https:\/\/sanfecoop.cl\/sfc\/tasas-de-interes\/","name":"Tasas de inter\u00e9s &#8212; Sanfecoop","isPartOf":{"@id":"https:\/\/sanfecoop.cl\/sfc\/#website"},"primaryImageOfPage":{"@id":"https:\/\/sanfecoop.cl\/sfc\/tasas-de-interes\/#primaryimage"},"image":{"@id":"https:\/\/sanfecoop.cl\/sfc\/tasas-de-interes\/#primaryimage"},"thumbnailUrl":"https:\/\/sanfecoop.cl\/sfc\/wp-content\/uploads\/2024\/06\/icono-PDF.png","datePublished":"2024-06-16T02:39:43+00:00","dateModified":"2026-01-05T13:37:14+00:00","breadcrumb":{"@id":"https:\/\/sanfecoop.cl\/sfc\/tasas-de-interes\/#breadcrumb"},"inLanguage":"es","potentialAction":[{"@type":"ReadAction","target":["https:\/\/sanfecoop.cl\/sfc\/tasas-de-interes\/"]}]},{"@type":"ImageObject","inLanguage":"es","@id":"https:\/\/sanfecoop.cl\/sfc\/tasas-de-interes\/#primaryimage","url":"https:\/\/sanfecoop.cl\/sfc\/wp-content\/uploads\/2024\/06\/icono-PDF.png","contentUrl":"https:\/\/sanfecoop.cl\/sfc\/wp-content\/uploads\/2024\/06\/icono-PDF.png","width":65,"height":74},{"@type":"BreadcrumbList","@id":"https:\/\/sanfecoop.cl\/sfc\/tasas-de-interes\/#breadcrumb","itemListElement":[{"@type":"ListItem","position":1,"name":"Portada","item":"https:\/\/sanfecoop.cl\/sfc\/"},{"@type":"ListItem","position":2,"name":"Tasas de inter\u00e9s"}]},{"@type":"WebSite","@id":"https:\/\/sanfecoop.cl\/sfc\/#website","url":"https:\/\/sanfecoop.cl\/sfc\/","name":"Sanfecoop","description":"Cooperativa de ahorro y cr\u00e9dito","publisher":{"@id":"https:\/\/sanfecoop.cl\/sfc\/#organization"},"alternateName":"Sanfecoop","potentialAction":[{"@type":"SearchAction","target":{"@type":"EntryPoint","urlTemplate":"https:\/\/sanfecoop.cl\/sfc\/?s={search_term_string}"},"query-input":{"@type":"PropertyValueSpecification","valueRequired":true,"valueName":"search_term_string"}}],"inLanguage":"es"},{"@type":"Organization","@id":"https:\/\/sanfecoop.cl\/sfc\/#organization","name":"Sanfecoop","url":"https:\/\/sanfecoop.cl\/sfc\/","logo":{"@type":"ImageObject","inLanguage":"es","@id":"https:\/\/sanfecoop.cl\/sfc\/#\/schema\/logo\/image\/","url":"https:\/\/sanfecoop.cl\/sfc\/wp-content\/uploads\/2024\/06\/logo_Sanfecoop_blanco.svg","contentUrl":"https:\/\/sanfecoop.cl\/sfc\/wp-content\/uploads\/2024\/06\/logo_Sanfecoop_blanco.svg","width":222,"height":37,"caption":"Sanfecoop"},"image":{"@id":"https:\/\/sanfecoop.cl\/sfc\/#\/schema\/logo\/image\/"},"sameAs":["https:\/\/www.facebook.com\/Sanfecoop","https:\/\/www.instagram.com\/sanfecoop\/"]}]}},"_links":{"self":[{"href":"https:\/\/sanfecoop.cl\/sfc\/wp-json\/wp\/v2\/pages\/799","targetHints":{"allow":["GET"]}}],"collection":[{"href":"https:\/\/sanfecoop.cl\/sfc\/wp-json\/wp\/v2\/pages"}],"about":[{"href":"https:\/\/sanfecoop.cl\/sfc\/wp-json\/wp\/v2\/types\/page"}],"author":[{"embeddable":true,"href":"https:\/\/sanfecoop.cl\/sfc\/wp-json\/wp\/v2\/users\/1"}],"replies":[{"embeddable":true,"href":"https:\/\/sanfecoop.cl\/sfc\/wp-json\/wp\/v2\/comments?post=799"}],"version-history":[{"count":52,"href":"https:\/\/sanfecoop.cl\/sfc\/wp-json\/wp\/v2\/pages\/799\/revisions"}],"predecessor-version":[{"id":2303,"href":"https:\/\/sanfecoop.cl\/sfc\/wp-json\/wp\/v2\/pages\/799\/revisions\/2303"}],"wp:attachment":[{"href":"https:\/\/sanfecoop.cl\/sfc\/wp-json\/wp\/v2\/media?parent=799"}],"curies":[{"name":"wp","href":"https:\/\/api.w.org\/{rel}","templated":true}]}}